{"id":3288,"date":"2025-09-10T11:43:36","date_gmt":"2025-09-10T17:43:36","guid":{"rendered":"https:\/\/www.thermosolutionsgroup.com\/?post_type=product&#038;p=3288"},"modified":"2025-09-10T11:47:36","modified_gmt":"2025-09-10T17:47:36","slug":"rinnai-reu-11p","status":"publish","type":"product","link":"https:\/\/www.thermosolutionsgroup.com\/esp\/producto\/rinnai-reu-11p\/","title":{"rendered":"Rinnai &#8211; REU 11P"},"content":{"rendered":"","protected":false},"excerpt":{"rendered":"<p>Calentador de paso a gas compacto y eficiente, ideal para casas o apartamentos con consumo moderado. Brinda agua caliente continua para el d\u00eda a d\u00eda, con encendido autom\u00e1tico y uso sencillo.<br data-start=\"280\" data-end=\"283\" \/><strong data-start=\"283\" data-end=\"298\">Ideal para:<\/strong> duchas, lavamanos y fregadero en hogares peque\u00f1os a medianos.<\/p>\n<p><a style=\"color: #e20000; text-decoration: underline; font-weight: bold;\" href=\"https:\/\/www.thermosolutionsgroup.com\/wp-content\/uploads\/2025\/09\/Ficha-Comercial-Rinnai-REU-11-P.pdf\"><br \/>\n&gt; Ver Ficha Comercial Rinnai REU 11P<br \/>\n<\/a><\/p>\n","protected":false},"featured_media":3289,"comment_status":"open","ping_status":"closed","template":"","meta":[],"product_brand":[],"product_cat":[19,16,68],"product_tag":[],"class_list":{"0":"post-3288","1":"product","2":"type-product","3":"status-publish","4":"has-post-thumbnail","6":"product_cat-calen_paso","7":"product_cat-calen_agua","8":"product_cat-rinnai","10":"first","11":"instock","12":"shipping-taxable","13":"product-type-simple"},"_links":{"self":[{"href":"https:\/\/www.thermosolutionsgroup.com\/esp\/wp-json\/wp\/v2\/product\/3288","targetHints":{"allow":["GET"]}}],"collection":[{"href":"https:\/\/www.thermosolutionsgroup.com\/esp\/wp-json\/wp\/v2\/product"}],"about":[{"href":"https:\/\/www.thermosolutionsgroup.com\/esp\/wp-json\/wp\/v2\/types\/product"}],"replies":[{"embeddable":true,"href":"https:\/\/www.thermosolutionsgroup.com\/esp\/wp-json\/wp\/v2\/comments?post=3288"}],"wp:featuredmedia":[{"embeddable":true,"href":"https:\/\/www.thermosolutionsgroup.com\/esp\/wp-json\/wp\/v2\/media\/3289"}],"wp:attachment":[{"href":"https:\/\/www.thermosolutionsgroup.com\/esp\/wp-json\/wp\/v2\/media?parent=3288"}],"wp:term":[{"taxonomy":"product_brand","embeddable":true,"href":"https:\/\/www.thermosolutionsgroup.com\/esp\/wp-json\/wp\/v2\/product_brand?post=3288"},{"taxonomy":"product_cat","embeddable":true,"href":"https:\/\/www.thermosolutionsgroup.com\/esp\/wp-json\/wp\/v2\/product_cat?post=3288"},{"taxonomy":"product_tag","embeddable":true,"href":"https:\/\/www.thermosolutionsgroup.com\/esp\/wp-json\/wp\/v2\/product_tag?post=3288"}],"curies":[{"name":"wp","href":"https:\/\/api.w.org\/{rel}","templated":true}]}}