{"id":3269,"date":"2025-09-10T11:17:07","date_gmt":"2025-09-10T17:17:07","guid":{"rendered":"https:\/\/www.thermosolutionsgroup.com\/?post_type=product&#038;p=3269"},"modified":"2025-09-10T11:20:07","modified_gmt":"2025-09-10T17:20:07","slug":"thermo-kit","status":"publish","type":"product","link":"https:\/\/www.thermosolutionsgroup.com\/esp\/producto\/thermo-kit\/","title":{"rendered":"Thermo Kit"},"content":{"rendered":"","protected":false},"excerpt":{"rendered":"<p>ThermoKit re\u00fane los accesorios esenciales para instalar su calentador de agua de forma segura y ordenada. Compatible con los modelos residenciales m\u00e1s comunes, le ayuda a reducir tiempos de instalaci\u00f3n y a asegurar un funcionamiento confiable desde el primer d\u00eda.<\/p>\n<p><a style=\"color: #e20000; text-decoration: underline; font-weight: bold;\" href=\"https:\/\/www.thermosolutionsgroup.com\/wp-content\/uploads\/2025\/09\/Manual-Instalacion-ThermoKit.pdf\"><br \/>\n&gt; Ver Manual de Thermo Kit<br \/>\n<\/a><\/p>\n","protected":false},"featured_media":3270,"comment_status":"open","ping_status":"closed","template":"","meta":[],"product_brand":[],"product_cat":[16],"product_tag":[],"class_list":{"0":"post-3269","1":"product","2":"type-product","3":"status-publish","4":"has-post-thumbnail","6":"product_cat-calen_agua","8":"first","9":"instock","10":"shipping-taxable","11":"product-type-simple"},"_links":{"self":[{"href":"https:\/\/www.thermosolutionsgroup.com\/esp\/wp-json\/wp\/v2\/product\/3269","targetHints":{"allow":["GET"]}}],"collection":[{"href":"https:\/\/www.thermosolutionsgroup.com\/esp\/wp-json\/wp\/v2\/product"}],"about":[{"href":"https:\/\/www.thermosolutionsgroup.com\/esp\/wp-json\/wp\/v2\/types\/product"}],"replies":[{"embeddable":true,"href":"https:\/\/www.thermosolutionsgroup.com\/esp\/wp-json\/wp\/v2\/comments?post=3269"}],"wp:featuredmedia":[{"embeddable":true,"href":"https:\/\/www.thermosolutionsgroup.com\/esp\/wp-json\/wp\/v2\/media\/3270"}],"wp:attachment":[{"href":"https:\/\/www.thermosolutionsgroup.com\/esp\/wp-json\/wp\/v2\/media?parent=3269"}],"wp:term":[{"taxonomy":"product_brand","embeddable":true,"href":"https:\/\/www.thermosolutionsgroup.com\/esp\/wp-json\/wp\/v2\/product_brand?post=3269"},{"taxonomy":"product_cat","embeddable":true,"href":"https:\/\/www.thermosolutionsgroup.com\/esp\/wp-json\/wp\/v2\/product_cat?post=3269"},{"taxonomy":"product_tag","embeddable":true,"href":"https:\/\/www.thermosolutionsgroup.com\/esp\/wp-json\/wp\/v2\/product_tag?post=3269"}],"curies":[{"name":"wp","href":"https:\/\/api.w.org\/{rel}","templated":true}]}}