{"id":3131,"date":"2025-06-17T16:30:06","date_gmt":"2025-06-17T22:30:06","guid":{"rendered":"https:\/\/www.thermosolutionsgroup.com\/?post_type=product&#038;p=3131"},"modified":"2025-06-17T16:30:20","modified_gmt":"2025-06-17T22:30:20","slug":"titan","status":"publish","type":"product","link":"https:\/\/www.thermosolutionsgroup.com\/esp\/producto\/titan\/","title":{"rendered":"Titan Plus"},"content":{"rendered":"","protected":false},"excerpt":{"rendered":"<p>Calentador de paso de alta recuperaci\u00f3n, cuenta con tanque interno de 3 litros que calienta el agua de forma instant\u00e1nea seg\u00fan el requerimiento del usuario y su sistema mec\u00e1nico garantiza el servicio sin importar la prestaci\u00f3n.<\/p>\n<p><a style=\"color: #e20000; text-decoration: underline; font-weight: bold;\" href=\"https:\/\/www.thermosolutionsgroup.com\/wp-content\/uploads\/2025\/06\/Ficha-Comercial-Titan-12kw.pdf\"><br \/>\n&gt; Ver Ficha Comercial Titan 12Kw<br \/>\n<\/a><\/p>\n","protected":false},"featured_media":3133,"comment_status":"open","ping_status":"closed","template":"","meta":[],"product_brand":[],"product_cat":[19,16],"product_tag":[],"class_list":{"0":"post-3131","1":"product","2":"type-product","3":"status-publish","4":"has-post-thumbnail","6":"product_cat-calen_paso","7":"product_cat-calen_agua","9":"first","10":"instock","11":"shipping-taxable","12":"product-type-simple"},"_links":{"self":[{"href":"https:\/\/www.thermosolutionsgroup.com\/esp\/wp-json\/wp\/v2\/product\/3131","targetHints":{"allow":["GET"]}}],"collection":[{"href":"https:\/\/www.thermosolutionsgroup.com\/esp\/wp-json\/wp\/v2\/product"}],"about":[{"href":"https:\/\/www.thermosolutionsgroup.com\/esp\/wp-json\/wp\/v2\/types\/product"}],"replies":[{"embeddable":true,"href":"https:\/\/www.thermosolutionsgroup.com\/esp\/wp-json\/wp\/v2\/comments?post=3131"}],"wp:featuredmedia":[{"embeddable":true,"href":"https:\/\/www.thermosolutionsgroup.com\/esp\/wp-json\/wp\/v2\/media\/3133"}],"wp:attachment":[{"href":"https:\/\/www.thermosolutionsgroup.com\/esp\/wp-json\/wp\/v2\/media?parent=3131"}],"wp:term":[{"taxonomy":"product_brand","embeddable":true,"href":"https:\/\/www.thermosolutionsgroup.com\/esp\/wp-json\/wp\/v2\/product_brand?post=3131"},{"taxonomy":"product_cat","embeddable":true,"href":"https:\/\/www.thermosolutionsgroup.com\/esp\/wp-json\/wp\/v2\/product_cat?post=3131"},{"taxonomy":"product_tag","embeddable":true,"href":"https:\/\/www.thermosolutionsgroup.com\/esp\/wp-json\/wp\/v2\/product_tag?post=3131"}],"curies":[{"name":"wp","href":"https:\/\/api.w.org\/{rel}","templated":true}]}}