{"id":2565,"date":"2025-05-07T09:51:19","date_gmt":"2025-05-07T15:51:19","guid":{"rendered":"https:\/\/www.thermosolutionsgroup.com\/?post_type=product&#038;p=2565"},"modified":"2025-05-08T11:02:36","modified_gmt":"2025-05-08T17:02:36","slug":"rinnai-rx160in","status":"publish","type":"product","link":"https:\/\/www.thermosolutionsgroup.com\/esp\/producto\/rinnai-rx160in\/","title":{"rendered":"Rinnai &#8211; RX160iN"},"content":{"rendered":"","protected":false},"excerpt":{"rendered":"<p>Modelo eficiente y de tama\u00f1o reducido, ideal para hogares que necesitan rendimiento sin sacrificar espacio. Incluye Wi-Fi, sistema Smart-Circ, instalaci\u00f3n flexible, y un dise\u00f1o limpio que se adapta f\u00e1cilmente a cualquier cuarto de servicio o cocina.<br \/>\n<\/br><br \/>\n<a href=\"https:\/\/www.thermosolutionsgroup.com\/wp-content\/uploads\/2025\/05\/Ficha-Comercial-Rinnai-RX160iN.pdf\" style=\"color: #e20000; text-decoration: underline; font-weight: bold;\"><br \/>\n  > Ver Ficha Comercial Rinnai RX160iN<br \/>\n<\/a><br \/>\n<\/br><\/p>\n","protected":false},"featured_media":2564,"comment_status":"open","ping_status":"closed","template":"","meta":[],"product_brand":[],"product_cat":[19,16,68],"product_tag":[],"class_list":{"0":"post-2565","1":"product","2":"type-product","3":"status-publish","4":"has-post-thumbnail","6":"product_cat-calen_paso","7":"product_cat-calen_agua","8":"product_cat-rinnai","10":"first","11":"instock","12":"shipping-taxable","13":"product-type-simple"},"_links":{"self":[{"href":"https:\/\/www.thermosolutionsgroup.com\/esp\/wp-json\/wp\/v2\/product\/2565","targetHints":{"allow":["GET"]}}],"collection":[{"href":"https:\/\/www.thermosolutionsgroup.com\/esp\/wp-json\/wp\/v2\/product"}],"about":[{"href":"https:\/\/www.thermosolutionsgroup.com\/esp\/wp-json\/wp\/v2\/types\/product"}],"replies":[{"embeddable":true,"href":"https:\/\/www.thermosolutionsgroup.com\/esp\/wp-json\/wp\/v2\/comments?post=2565"}],"wp:featuredmedia":[{"embeddable":true,"href":"https:\/\/www.thermosolutionsgroup.com\/esp\/wp-json\/wp\/v2\/media\/2564"}],"wp:attachment":[{"href":"https:\/\/www.thermosolutionsgroup.com\/esp\/wp-json\/wp\/v2\/media?parent=2565"}],"wp:term":[{"taxonomy":"product_brand","embeddable":true,"href":"https:\/\/www.thermosolutionsgroup.com\/esp\/wp-json\/wp\/v2\/product_brand?post=2565"},{"taxonomy":"product_cat","embeddable":true,"href":"https:\/\/www.thermosolutionsgroup.com\/esp\/wp-json\/wp\/v2\/product_cat?post=2565"},{"taxonomy":"product_tag","embeddable":true,"href":"https:\/\/www.thermosolutionsgroup.com\/esp\/wp-json\/wp\/v2\/product_tag?post=2565"}],"curies":[{"name":"wp","href":"https:\/\/api.w.org\/{rel}","templated":true}]}}