{"id":2562,"date":"2025-05-07T09:43:55","date_gmt":"2025-05-07T15:43:55","guid":{"rendered":"https:\/\/www.thermosolutionsgroup.com\/?post_type=product&#038;p=2562"},"modified":"2025-05-08T08:16:04","modified_gmt":"2025-05-08T14:16:04","slug":"rinnai-cxp160in","status":"publish","type":"product","link":"https:\/\/www.thermosolutionsgroup.com\/esp\/producto\/rinnai-cxp160in\/","title":{"rendered":"Rinnai &#8211; CXP160iN"},"content":{"rendered":"","protected":false},"excerpt":{"rendered":"<p>Versi\u00f3n compacta del modelo CXP199iN. Perfecto para hogares donde se desea agua caliente continua sin ocupar demasiado espacio. Incluye eficiencia energ\u00e9tica tipo ENERGY STAR, tecnolog\u00eda de condensaci\u00f3n, y compatibilidad con accesorios de monitoreo inteligente.<br \/>\n<\/br><br \/>\n<a href=\"https:\/\/www.thermosolutionsgroup.com\/wp-content\/uploads\/2025\/05\/Ficha-Comercial-Rinnai-CXP160iN.pdf\" style=\"color: #e20000; text-decoration: underline; font-weight: bold;\"><br \/>\n  > Ver Ficha Comercial Rinnai CXP160iN<br \/>\n<\/a><br \/>\n<\/br><\/p>\n","protected":false},"featured_media":2561,"comment_status":"open","ping_status":"closed","template":"","meta":[],"product_brand":[],"product_cat":[19,16,68],"product_tag":[],"class_list":{"0":"post-2562","1":"product","2":"type-product","3":"status-publish","4":"has-post-thumbnail","6":"product_cat-calen_paso","7":"product_cat-calen_agua","8":"product_cat-rinnai","10":"first","11":"instock","12":"shipping-taxable","13":"product-type-simple"},"_links":{"self":[{"href":"https:\/\/www.thermosolutionsgroup.com\/esp\/wp-json\/wp\/v2\/product\/2562","targetHints":{"allow":["GET"]}}],"collection":[{"href":"https:\/\/www.thermosolutionsgroup.com\/esp\/wp-json\/wp\/v2\/product"}],"about":[{"href":"https:\/\/www.thermosolutionsgroup.com\/esp\/wp-json\/wp\/v2\/types\/product"}],"replies":[{"embeddable":true,"href":"https:\/\/www.thermosolutionsgroup.com\/esp\/wp-json\/wp\/v2\/comments?post=2562"}],"wp:featuredmedia":[{"embeddable":true,"href":"https:\/\/www.thermosolutionsgroup.com\/esp\/wp-json\/wp\/v2\/media\/2561"}],"wp:attachment":[{"href":"https:\/\/www.thermosolutionsgroup.com\/esp\/wp-json\/wp\/v2\/media?parent=2562"}],"wp:term":[{"taxonomy":"product_brand","embeddable":true,"href":"https:\/\/www.thermosolutionsgroup.com\/esp\/wp-json\/wp\/v2\/product_brand?post=2562"},{"taxonomy":"product_cat","embeddable":true,"href":"https:\/\/www.thermosolutionsgroup.com\/esp\/wp-json\/wp\/v2\/product_cat?post=2562"},{"taxonomy":"product_tag","embeddable":true,"href":"https:\/\/www.thermosolutionsgroup.com\/esp\/wp-json\/wp\/v2\/product_tag?post=2562"}],"curies":[{"name":"wp","href":"https:\/\/api.w.org\/{rel}","templated":true}]}}