{"id":2552,"date":"2025-05-07T09:20:01","date_gmt":"2025-05-07T15:20:01","guid":{"rendered":"https:\/\/www.thermosolutionsgroup.com\/?post_type=product&#038;p=2552"},"modified":"2025-05-07T16:27:03","modified_gmt":"2025-05-07T22:27:03","slug":"rinnai-chs160-h","status":"publish","type":"product","link":"https:\/\/www.thermosolutionsgroup.com\/esp\/producto\/rinnai-chs160-h\/","title":{"rendered":"Rinnai &#8211; CHS160-H"},"content":{"rendered":"","protected":false},"excerpt":{"rendered":"<p>Calentador h\u00edbrido de gran capacidad (119 galones), ideal para uso comercial en hoteles, gimnasios o lavander\u00edas. Combina tecnolog\u00eda el\u00e9ctrica y a gas para garantizar alta eficiencia, larga durabilidad y suministro continuo de agua caliente. Su sistema de recirculaci\u00f3n y recuperaci\u00f3n r\u00e1pida lo convierten en una soluci\u00f3n confiable para lugares de alta demanda.<br \/>\n<\/br><br \/>\n<a href=\"https:\/\/www.thermosolutionsgroup.com\/wp-content\/uploads\/2025\/05\/Fichas-Comercial-Rinnai-CHS160-H.pdf\" style=\"color: #e20000; text-decoration: underline; font-weight: bold;\"><br \/>\n  > Ver Ficha Comercial Rinnai CHS160-H<br \/>\n<\/a><br \/>\n<\/br><\/p>\n","protected":false},"featured_media":2553,"comment_status":"open","ping_status":"closed","template":"","meta":[],"product_brand":[],"product_cat":[22,16,68],"product_tag":[],"class_list":{"0":"post-2552","1":"product","2":"type-product","3":"status-publish","4":"has-post-thumbnail","6":"product_cat-cal_acumu","7":"product_cat-calen_agua","8":"product_cat-rinnai","10":"first","11":"instock","12":"shipping-taxable","13":"product-type-simple"},"_links":{"self":[{"href":"https:\/\/www.thermosolutionsgroup.com\/esp\/wp-json\/wp\/v2\/product\/2552","targetHints":{"allow":["GET"]}}],"collection":[{"href":"https:\/\/www.thermosolutionsgroup.com\/esp\/wp-json\/wp\/v2\/product"}],"about":[{"href":"https:\/\/www.thermosolutionsgroup.com\/esp\/wp-json\/wp\/v2\/types\/product"}],"replies":[{"embeddable":true,"href":"https:\/\/www.thermosolutionsgroup.com\/esp\/wp-json\/wp\/v2\/comments?post=2552"}],"wp:featuredmedia":[{"embeddable":true,"href":"https:\/\/www.thermosolutionsgroup.com\/esp\/wp-json\/wp\/v2\/media\/2553"}],"wp:attachment":[{"href":"https:\/\/www.thermosolutionsgroup.com\/esp\/wp-json\/wp\/v2\/media?parent=2552"}],"wp:term":[{"taxonomy":"product_brand","embeddable":true,"href":"https:\/\/www.thermosolutionsgroup.com\/esp\/wp-json\/wp\/v2\/product_brand?post=2552"},{"taxonomy":"product_cat","embeddable":true,"href":"https:\/\/www.thermosolutionsgroup.com\/esp\/wp-json\/wp\/v2\/product_cat?post=2552"},{"taxonomy":"product_tag","embeddable":true,"href":"https:\/\/www.thermosolutionsgroup.com\/esp\/wp-json\/wp\/v2\/product_tag?post=2552"}],"curies":[{"name":"wp","href":"https:\/\/api.w.org\/{rel}","templated":true}]}}