{"id":2546,"date":"2025-05-07T09:08:52","date_gmt":"2025-05-07T15:08:52","guid":{"rendered":"https:\/\/www.thermosolutionsgroup.com\/?post_type=product&#038;p=2546"},"modified":"2025-05-07T13:17:17","modified_gmt":"2025-05-07T19:17:17","slug":"thermosifon","status":"publish","type":"product","link":"https:\/\/www.thermosolutionsgroup.com\/esp\/producto\/thermosifon\/","title":{"rendered":"Thermosif\u00f3n"},"content":{"rendered":"","protected":false},"excerpt":{"rendered":"<p>El sistema Thermosif\u00f3n es un calentador solar que permite almacenar y distribuir agua caliente sin consumo el\u00e9ctrico. Cuenta con respaldo el\u00e9ctrico de baja potencia para d\u00edas nublados o de alta demanda. Est\u00e1 disponible en diferentes capacidades (desde 40 hasta 120 galones), y es ideal para familias que desean una opci\u00f3n sustentable y econ\u00f3mica. Su dise\u00f1o permite aprovechar al m\u00e1ximo la energ\u00eda solar reduciendo significativamente el uso de electricidad.<br \/>\n<\/br><br \/>\n<a href=\"https:\/\/www.thermosolutionsgroup.com\/wp-content\/uploads\/2025\/05\/Ficha-Comercial-Thermosifon-40GLS.pdf\" style=\"color: #e20000; text-decoration: underline; font-weight: bold;\"><br \/>\n  > Ver Ficha Comercial Thermosif\u00f3n 40GLS<br \/>\n<\/a> <a href=\"https:\/\/www.thermosolutionsgroup.com\/wp-content\/uploads\/2025\/05\/Ficha-Comercial-Thermosifon-52GLS.pdf\" style=\"color: #e20000; text-decoration: underline; font-weight: bold;\"><br \/>\n  > Ver Ficha Comercial Thermosif\u00f3n 52GLS<br \/>\n<\/a> <a href=\"https:\/\/www.thermosolutionsgroup.com\/wp-content\/uploads\/2025\/05\/Ficha-Comercial-Thermosifon-60GLS.pdf\" style=\"color: #e20000; text-decoration: underline; font-weight: bold;\"><br \/>\n  > Ver Ficha Comercial Thermosif\u00f3n 60GLS<br \/>\n<\/a> <a href=\"https:\/\/www.thermosolutionsgroup.com\/wp-content\/uploads\/2025\/05\/Ficha-Comercial-Thermosifon-80GLS.pdf\" style=\"color: #e20000; text-decoration: underline; font-weight: bold;\"><br \/>\n  > Ver Ficha Comercial Thermosif\u00f3n 80GLS<br \/>\n<\/a> <a href=\"https:\/\/www.thermosolutionsgroup.com\/wp-content\/uploads\/2025\/05\/Ficha-Comercial-Thermosifon-120GLS.pdf\" style=\"color: #e20000; text-decoration: underline; font-weight: bold;\"><br \/>\n  > Ver Ficha Comercial Thermosif\u00f3n 120GLS<br \/>\n<\/a><br \/>\n<\/br><\/p>\n","protected":false},"featured_media":2547,"comment_status":"open","ping_status":"closed","template":"","meta":[],"product_brand":[],"product_cat":[23,16],"product_tag":[],"class_list":{"0":"post-2546","1":"product","2":"type-product","3":"status-publish","4":"has-post-thumbnail","6":"product_cat-cale_sola","7":"product_cat-calen_agua","9":"first","10":"instock","11":"shipping-taxable","12":"product-type-simple"},"_links":{"self":[{"href":"https:\/\/www.thermosolutionsgroup.com\/esp\/wp-json\/wp\/v2\/product\/2546","targetHints":{"allow":["GET"]}}],"collection":[{"href":"https:\/\/www.thermosolutionsgroup.com\/esp\/wp-json\/wp\/v2\/product"}],"about":[{"href":"https:\/\/www.thermosolutionsgroup.com\/esp\/wp-json\/wp\/v2\/types\/product"}],"replies":[{"embeddable":true,"href":"https:\/\/www.thermosolutionsgroup.com\/esp\/wp-json\/wp\/v2\/comments?post=2546"}],"wp:featuredmedia":[{"embeddable":true,"href":"https:\/\/www.thermosolutionsgroup.com\/esp\/wp-json\/wp\/v2\/media\/2547"}],"wp:attachment":[{"href":"https:\/\/www.thermosolutionsgroup.com\/esp\/wp-json\/wp\/v2\/media?parent=2546"}],"wp:term":[{"taxonomy":"product_brand","embeddable":true,"href":"https:\/\/www.thermosolutionsgroup.com\/esp\/wp-json\/wp\/v2\/product_brand?post=2546"},{"taxonomy":"product_cat","embeddable":true,"href":"https:\/\/www.thermosolutionsgroup.com\/esp\/wp-json\/wp\/v2\/product_cat?post=2546"},{"taxonomy":"product_tag","embeddable":true,"href":"https:\/\/www.thermosolutionsgroup.com\/esp\/wp-json\/wp\/v2\/product_tag?post=2546"}],"curies":[{"name":"wp","href":"https:\/\/api.w.org\/{rel}","templated":true}]}}