{"id":2542,"date":"2025-05-07T09:00:01","date_gmt":"2025-05-07T15:00:01","guid":{"rendered":"https:\/\/www.thermosolutionsgroup.com\/?post_type=product&#038;p=2542"},"modified":"2025-05-07T13:00:42","modified_gmt":"2025-05-07T19:00:42","slug":"thermo-ducha","status":"publish","type":"product","link":"https:\/\/www.thermosolutionsgroup.com\/esp\/producto\/thermo-ducha\/","title":{"rendered":"Thermo Ducha"},"content":{"rendered":"","protected":false},"excerpt":{"rendered":"<p>Este calentador de punto de uso es perfecto para quienes buscan una soluci\u00f3n compacta, segura y de f\u00e1cil instalaci\u00f3n. Disponible en modelos para 120V y 240V, cuenta con resistencia blindada, regulador de potencia el\u00e9ctrica y dise\u00f1o enfocado en la prevenci\u00f3n de choques el\u00e9ctricos. Su bajo consumo y durabilidad lo hacen ideal para viviendas peque\u00f1as o zonas donde se requiera una ducha segura sin remodelaciones mayores.<br \/>\n<\/br><br \/>\n<a href=\"https:\/\/www.thermosolutionsgroup.com\/wp-content\/uploads\/2025\/05\/Ficha-Comercial-Thermo-ducha-120v.pdf\" style=\"color: #e20000; text-decoration: underline; font-weight: bold;\"><br \/>\n  > Ver Ficha Comercial Thermo ducha 120v<br \/>\n<\/a> <a href=\"https:\/\/www.thermosolutionsgroup.com\/wp-content\/uploads\/2025\/05\/Ficha-Comercial-Thermo-ducha-240v.pdf\" style=\"color: #e20000; text-decoration: underline; font-weight: bold;\"><br \/>\n  > Ver Ficha Comercial Thermo ducha 240v<br \/>\n<\/a><br \/>\n<\/br><\/p>\n","protected":false},"featured_media":2543,"comment_status":"open","ping_status":"closed","template":"","meta":[],"product_brand":[],"product_cat":[16,20],"product_tag":[],"class_list":{"0":"post-2542","1":"product","2":"type-product","3":"status-publish","4":"has-post-thumbnail","6":"product_cat-calen_agua","7":"product_cat-du_ins","9":"first","10":"instock","11":"shipping-taxable","12":"product-type-simple"},"_links":{"self":[{"href":"https:\/\/www.thermosolutionsgroup.com\/esp\/wp-json\/wp\/v2\/product\/2542","targetHints":{"allow":["GET"]}}],"collection":[{"href":"https:\/\/www.thermosolutionsgroup.com\/esp\/wp-json\/wp\/v2\/product"}],"about":[{"href":"https:\/\/www.thermosolutionsgroup.com\/esp\/wp-json\/wp\/v2\/types\/product"}],"replies":[{"embeddable":true,"href":"https:\/\/www.thermosolutionsgroup.com\/esp\/wp-json\/wp\/v2\/comments?post=2542"}],"wp:featuredmedia":[{"embeddable":true,"href":"https:\/\/www.thermosolutionsgroup.com\/esp\/wp-json\/wp\/v2\/media\/2543"}],"wp:attachment":[{"href":"https:\/\/www.thermosolutionsgroup.com\/esp\/wp-json\/wp\/v2\/media?parent=2542"}],"wp:term":[{"taxonomy":"product_brand","embeddable":true,"href":"https:\/\/www.thermosolutionsgroup.com\/esp\/wp-json\/wp\/v2\/product_brand?post=2542"},{"taxonomy":"product_cat","embeddable":true,"href":"https:\/\/www.thermosolutionsgroup.com\/esp\/wp-json\/wp\/v2\/product_cat?post=2542"},{"taxonomy":"product_tag","embeddable":true,"href":"https:\/\/www.thermosolutionsgroup.com\/esp\/wp-json\/wp\/v2\/product_tag?post=2542"}],"curies":[{"name":"wp","href":"https:\/\/api.w.org\/{rel}","templated":true}]}}