{"id":2537,"date":"2025-05-07T08:51:09","date_gmt":"2025-05-07T14:51:09","guid":{"rendered":"https:\/\/www.thermosolutionsgroup.com\/?post_type=product&#038;p=2537"},"modified":"2026-01-13T16:24:25","modified_gmt":"2026-01-13T22:24:25","slug":"thermo-master-pro","status":"publish","type":"product","link":"https:\/\/www.thermosolutionsgroup.com\/esp\/producto\/thermo-master-pro\/","title":{"rendered":"Thermo Master Pro"},"content":{"rendered":"","protected":false},"excerpt":{"rendered":"<p>El Thermo Master Pro es la opci\u00f3n m\u00e1s avanzada de la l\u00ednea Thermo, ofreciendo una combinaci\u00f3n entre dise\u00f1o moderno y alto rendimiento. Sus diferentes modelos (10 kW, 12 kW y 15 kW) permiten adaptarse a diferentes necesidades de uso. Incluye un panel para monitoreo de temperatura, resistencia en aluminio para evitar sarro, y carcasa de acero inoxidable que asegura resistencia y durabilidad. Este equipo es ideal tanto para hogares como para espacios comerciales donde se requiere confiabilidad, seguridad y eficiencia.<\/p>\n<p><a style=\"color: #e20000; text-decoration: underline; font-weight: bold;\" href=\"https:\/\/www.thermosolutionsgroup.com\/wp-content\/uploads\/2025\/05\/Ficha-Comercial-Thermomaster-Pro-10kw.pdf\"><br \/>\n&gt; Ver Ficha Comercial Thermomaster Pro 10kw<br \/>\n<\/a> <a style=\"color: #e20000; text-decoration: underline; font-weight: bold;\" href=\"https:\/\/www.thermosolutionsgroup.com\/wp-content\/uploads\/2026\/01\/Ficha-Comercial-Thermomaster-Pro-12kw.pdf\"><br \/>\n&gt; Ver Ficha Comercial Thermomaster Pro 12kw<br \/>\n<\/a> <a style=\"color: #e20000; text-decoration: underline; font-weight: bold;\" href=\"https:\/\/www.thermosolutionsgroup.com\/wp-content\/uploads\/2026\/01\/Ficha-Comercial-Thermomaster-Pro-15kw.pdf\"><br \/>\n&gt; Ver Ficha Comercial Thermomaster Pro 15kw<br \/>\n<\/a><\/p>\n","protected":false},"featured_media":2538,"comment_status":"open","ping_status":"closed","template":"","meta":[],"product_brand":[],"product_cat":[19,16],"product_tag":[],"class_list":{"0":"post-2537","1":"product","2":"type-product","3":"status-publish","4":"has-post-thumbnail","6":"product_cat-calen_paso","7":"product_cat-calen_agua","9":"first","10":"instock","11":"shipping-taxable","12":"product-type-simple"},"_links":{"self":[{"href":"https:\/\/www.thermosolutionsgroup.com\/esp\/wp-json\/wp\/v2\/product\/2537","targetHints":{"allow":["GET"]}}],"collection":[{"href":"https:\/\/www.thermosolutionsgroup.com\/esp\/wp-json\/wp\/v2\/product"}],"about":[{"href":"https:\/\/www.thermosolutionsgroup.com\/esp\/wp-json\/wp\/v2\/types\/product"}],"replies":[{"embeddable":true,"href":"https:\/\/www.thermosolutionsgroup.com\/esp\/wp-json\/wp\/v2\/comments?post=2537"}],"wp:featuredmedia":[{"embeddable":true,"href":"https:\/\/www.thermosolutionsgroup.com\/esp\/wp-json\/wp\/v2\/media\/2538"}],"wp:attachment":[{"href":"https:\/\/www.thermosolutionsgroup.com\/esp\/wp-json\/wp\/v2\/media?parent=2537"}],"wp:term":[{"taxonomy":"product_brand","embeddable":true,"href":"https:\/\/www.thermosolutionsgroup.com\/esp\/wp-json\/wp\/v2\/product_brand?post=2537"},{"taxonomy":"product_cat","embeddable":true,"href":"https:\/\/www.thermosolutionsgroup.com\/esp\/wp-json\/wp\/v2\/product_cat?post=2537"},{"taxonomy":"product_tag","embeddable":true,"href":"https:\/\/www.thermosolutionsgroup.com\/esp\/wp-json\/wp\/v2\/product_tag?post=2537"}],"curies":[{"name":"wp","href":"https:\/\/api.w.org\/{rel}","templated":true}]}}