{"id":2533,"date":"2025-05-07T08:41:27","date_gmt":"2025-05-07T14:41:27","guid":{"rendered":"https:\/\/www.thermosolutionsgroup.com\/?post_type=product&#038;p=2533"},"modified":"2026-01-13T16:22:47","modified_gmt":"2026-01-13T22:22:47","slug":"thermo-max","status":"publish","type":"product","link":"https:\/\/www.thermosolutionsgroup.com\/esp\/producto\/thermo-max\/","title":{"rendered":"Thermo MAX"},"content":{"rendered":"","protected":false},"excerpt":{"rendered":"<p>El Thermo MAX es un calentador de paso el\u00e9ctrico de alto desempe\u00f1o, disponible en potencias de 8 kW, 10 kW, 12 kW y 15 kW. Est\u00e1 dise\u00f1ado para proveer agua caliente de forma instant\u00e1nea con un bajo consumo el\u00e9ctrico. Su sistema de doble termostato previene el sobrecalentamiento y su resistencia en acero inoxidable proporciona durabilidad. Adem\u00e1s, incluye un sistema de seguridad contra descargas el\u00e9ctricas. Es una opci\u00f3n eficiente para quienes desean controlar el gasto energ\u00e9tico sin renunciar al confort.<\/p>\n<p><a style=\"color: #e20000; text-decoration: underline; font-weight: bold;\" href=\"https:\/\/www.thermosolutionsgroup.com\/wp-content\/uploads\/2025\/05\/Ficha-Comercial-Thermomax-8.pdf\"><br \/>\n&gt; Ver Ficha Comercial Thermomax 8kw<br \/>\n<\/a> <a style=\"color: #e20000; text-decoration: underline; font-weight: bold;\" href=\"https:\/\/www.thermosolutionsgroup.com\/wp-content\/uploads\/2025\/05\/Ficha-Comercial-Thermomax-8-10kw.pdf\"><br \/>\n&gt; Ver Ficha Comercial Thermomax 8-10kw<br \/>\n<\/a> <a style=\"color: #e20000; text-decoration: underline; font-weight: bold;\" href=\"https:\/\/www.thermosolutionsgroup.com\/wp-content\/uploads\/2025\/05\/Ficha-Comercial-Thermomax-10kw.pdf\"><br \/>\n&gt; Ver Ficha Comercial Thermomax 10kw<br \/>\n<\/a> <a style=\"color: #e20000; text-decoration: underline; font-weight: bold;\" href=\"https:\/\/www.thermosolutionsgroup.com\/wp-content\/uploads\/2026\/01\/Ficha-Comercial-Thermomax-12kw.pdf\"><br \/>\n&gt; Ver Ficha Comercial Thermomax 12kw<br \/>\n<\/a> <a style=\"color: #e20000; text-decoration: underline; font-weight: bold;\" href=\"https:\/\/www.thermosolutionsgroup.com\/wp-content\/uploads\/2025\/05\/Ficha-Comercial-Thermomax-12-15kw.pdf\"><br \/>\n&gt; Ver Ficha Comercial Thermomax 12-15kw<br \/>\n<\/a><\/p>\n","protected":false},"featured_media":2534,"comment_status":"open","ping_status":"closed","template":"","meta":[],"product_brand":[],"product_cat":[19,16,67],"product_tag":[],"class_list":{"0":"post-2533","1":"product","2":"type-product","3":"status-publish","4":"has-post-thumbnail","6":"product_cat-calen_paso","7":"product_cat-calen_agua","8":"product_cat-mas-vendido","10":"first","11":"instock","12":"shipping-taxable","13":"product-type-simple"},"_links":{"self":[{"href":"https:\/\/www.thermosolutionsgroup.com\/esp\/wp-json\/wp\/v2\/product\/2533","targetHints":{"allow":["GET"]}}],"collection":[{"href":"https:\/\/www.thermosolutionsgroup.com\/esp\/wp-json\/wp\/v2\/product"}],"about":[{"href":"https:\/\/www.thermosolutionsgroup.com\/esp\/wp-json\/wp\/v2\/types\/product"}],"replies":[{"embeddable":true,"href":"https:\/\/www.thermosolutionsgroup.com\/esp\/wp-json\/wp\/v2\/comments?post=2533"}],"wp:featuredmedia":[{"embeddable":true,"href":"https:\/\/www.thermosolutionsgroup.com\/esp\/wp-json\/wp\/v2\/media\/2534"}],"wp:attachment":[{"href":"https:\/\/www.thermosolutionsgroup.com\/esp\/wp-json\/wp\/v2\/media?parent=2533"}],"wp:term":[{"taxonomy":"product_brand","embeddable":true,"href":"https:\/\/www.thermosolutionsgroup.com\/esp\/wp-json\/wp\/v2\/product_brand?post=2533"},{"taxonomy":"product_cat","embeddable":true,"href":"https:\/\/www.thermosolutionsgroup.com\/esp\/wp-json\/wp\/v2\/product_cat?post=2533"},{"taxonomy":"product_tag","embeddable":true,"href":"https:\/\/www.thermosolutionsgroup.com\/esp\/wp-json\/wp\/v2\/product_tag?post=2533"}],"curies":[{"name":"wp","href":"https:\/\/api.w.org\/{rel}","templated":true}]}}