{"id":1904,"date":"2025-04-04T09:25:08","date_gmt":"2025-04-04T15:25:08","guid":{"rendered":"https:\/\/www.thermosolutionsgroup.com\/?page_id=1904"},"modified":"2025-05-14T17:18:46","modified_gmt":"2025-05-14T23:18:46","slug":"ducha-instantanea","status":"publish","type":"page","link":"https:\/\/www.thermosolutionsgroup.com\/eng\/productos\/calentamiento-de-agua\/ducha-instantanea\/","title":{"rendered":"Instant shower"},"content":{"rendered":"<div data-elementor-type=\"wp-page\" data-elementor-id=\"1904\" class=\"elementor elementor-1904\">\n\t\t\t\t<div class=\"elementor-element elementor-element-c1ee706 e-con-full e-flex wpr-particle-no wpr-jarallax-no wpr-parallax-no wpr-sticky-section-no e-con e-parent\" data-id=\"c1ee706\" data-element_type=\"container\" data-e-type=\"container\" data-settings=\"{&quot;background_background&quot;:&quot;classic&quot;}\">\n\t\t\t\t<div class=\"elementor-element elementor-element-270c45f elementor-invisible elementor-widget elementor-widget-heading\" data-id=\"270c45f\" data-element_type=\"widget\" data-e-type=\"widget\" data-settings=\"{&quot;_animation&quot;:&quot;fadeInDown&quot;}\" data-widget_type=\"heading.default\">\n\t\t\t\t<div class=\"elementor-widget-container\">\n\t\t\t\t\t<h2 class=\"elementor-heading-title elementor-size-default\">Instant shower<\/h2>\t\t\t\t<\/div>\n\t\t\t\t<\/div>\n\t\t\t\t<div class=\"elementor-element elementor-element-4567899 elementor-invisible elementor-widget elementor-widget-heading\" data-id=\"4567899\" data-element_type=\"widget\" data-e-type=\"widget\" data-settings=\"{&quot;_animation&quot;:&quot;fadeInDown&quot;}\" data-widget_type=\"heading.default\">\n\t\t\t\t<div class=\"elementor-widget-container\">\n\t\t\t\t\t<h2 class=\"elementor-heading-title elementor-size-default\">THERMO &gt; Productos &gt; Ducha instant\u00e1nea<\/h2>\t\t\t\t<\/div>\n\t\t\t\t<\/div>\n\t\t\t\t<\/div>\n\t\t<div class=\"elementor-element elementor-element-ba8edc3 e-flex e-con-boxed wpr-particle-no wpr-jarallax-no wpr-parallax-no wpr-sticky-section-no e-con e-parent\" data-id=\"ba8edc3\" data-element_type=\"container\" data-e-type=\"container\">\n\t\t\t\t\t<div class=\"e-con-inner\">\n\t\t\t\t<div class=\"elementor-element elementor-element-0bf44c9 eael-product-gallery-column-3 elementor-widget elementor-widget-eael-woo-product-gallery\" data-id=\"0bf44c9\" data-element_type=\"widget\" data-e-type=\"widget\" data-settings=\"{&quot;eael_product_gallery_column&quot;:&quot;3&quot;}\" data-widget_type=\"eael-woo-product-gallery.default\">\n\t\t\t\t<div class=\"elementor-widget-container\">\n\t\t\t\t\t\n        <div class=\"eael-product-gallery eael-product-preset-1 masonry eael-terms-layout-horizontal\" id=\"eael-product-gallery\" data-widget-id=\"0bf44c9\" data-page-id=\"1904\" data-nonce=\"dc3279c938\" >\n\t\t\t\n            <div class=\"woocommerce\">\n\t\t\t\t<ul class=\"products eael-post-appender eael-post-appender-0bf44c9\" data-layout-mode=\"masonry\" data-ssi-desktop=\"no\" >\n<li class=\"product  post-2535 type-product status-publish has-post-thumbnail product_cat-calen_agua product_cat-du_ins product_cat-mas-vendido first instock shipping-taxable product-type-simple\">\n<div class=\"eael-product-wrap\" data-src=\"\" data-src-hover=\"\" >\n        <div class=\"product-image-wrap\">\n        <div class=\"image-wrap\">\n            <img fetchpriority=\"high\" decoding=\"async\" width=\"2000\" height=\"2000\" src=\"https:\/\/www.thermosolutionsgroup.com\/wp-content\/uploads\/2025\/05\/thermo-plus-web-v3-1.png\" class=\"attachment-full size-full\" alt=\"Thermo Plus\" loading=\"eager\" srcset=\"https:\/\/www.thermosolutionsgroup.com\/wp-content\/uploads\/2025\/05\/thermo-plus-web-v3-1.png 2000w, https:\/\/www.thermosolutionsgroup.com\/wp-content\/uploads\/2025\/05\/thermo-plus-web-v3-1-300x300.png 300w, https:\/\/www.thermosolutionsgroup.com\/wp-content\/uploads\/2025\/05\/thermo-plus-web-v3-1-1024x1024.png 1024w, https:\/\/www.thermosolutionsgroup.com\/wp-content\/uploads\/2025\/05\/thermo-plus-web-v3-1-150x150.png 150w, https:\/\/www.thermosolutionsgroup.com\/wp-content\/uploads\/2025\/05\/thermo-plus-web-v3-1-768x768.png 768w\" sizes=\"(max-width: 2000px) 100vw, 2000px\" \/>        <\/div>\n        <div class=\"image-hover-wrap\">\n            <ul class=\"icons-wrap over-box-style\">\n                                                    <li class=\"eael-product-quick-view\">\n                        <a id=\"eael_quick_view_69e3399c1ec82\" data-quickview-setting=\"{&quot;widget_id&quot;:&quot;0bf44c9&quot;,&quot;product_id&quot;:2535,&quot;page_id&quot;:1904}\"\n                            class=\"eael-product-gallery-open-popup open-popup-link\">\n                            <i class=\"fas fa-eye\"><\/i>\n                        <\/a>\n                    <\/li>\n                                                    <li class=\"view-details\"><a href=\"https:\/\/www.thermosolutionsgroup.com\/eng\/product\/thermo-plus\/\" aria-label=\"View Details about Thermo Plus\" ><i class=\"fas fa-link\"><\/i><\/a><\/li>\n                            <\/ul>\n        <\/div>\n    <\/div>\n    <div class=\"product-details-wrap\">\n        <div class=\"eael-product-price\"><\/div>        <div class=\"eael-product-title\">\n            <a href=\"https:\/\/www.thermosolutionsgroup.com\/eng\/product\/thermo-plus\/\" class=\"woocommerce-LoopProduct-link woocommerce-loop-product__link\"><h2>Thermo Plus<\/h2><\/a>        <\/div>\n    <\/div>\n\n    <\/div>\n<\/li>\n<li class=\"product  post-2542 type-product status-publish has-post-thumbnail product_cat-calen_agua product_cat-du_ins instock shipping-taxable product-type-simple\">\n<div class=\"eael-product-wrap\" data-src=\"\" data-src-hover=\"\" >\n        <div class=\"product-image-wrap\">\n        <div class=\"image-wrap\">\n            <img decoding=\"async\" width=\"2000\" height=\"2000\" src=\"https:\/\/www.thermosolutionsgroup.com\/wp-content\/uploads\/2025\/05\/THERMO-DUCHA-25.png\" class=\"attachment-full size-full\" alt=\"Thermo Ducha\" loading=\"eager\" srcset=\"https:\/\/www.thermosolutionsgroup.com\/wp-content\/uploads\/2025\/05\/THERMO-DUCHA-25.png 2000w, https:\/\/www.thermosolutionsgroup.com\/wp-content\/uploads\/2025\/05\/THERMO-DUCHA-25-300x300.png 300w, https:\/\/www.thermosolutionsgroup.com\/wp-content\/uploads\/2025\/05\/THERMO-DUCHA-25-1024x1024.png 1024w, https:\/\/www.thermosolutionsgroup.com\/wp-content\/uploads\/2025\/05\/THERMO-DUCHA-25-150x150.png 150w, https:\/\/www.thermosolutionsgroup.com\/wp-content\/uploads\/2025\/05\/THERMO-DUCHA-25-768x768.png 768w\" sizes=\"(max-width: 2000px) 100vw, 2000px\" \/>        <\/div>\n        <div class=\"image-hover-wrap\">\n            <ul class=\"icons-wrap over-box-style\">\n                                                    <li class=\"eael-product-quick-view\">\n                        <a id=\"eael_quick_view_69e3399c20629\" data-quickview-setting=\"{&quot;widget_id&quot;:&quot;0bf44c9&quot;,&quot;product_id&quot;:2542,&quot;page_id&quot;:1904}\"\n                            class=\"eael-product-gallery-open-popup open-popup-link\">\n                            <i class=\"fas fa-eye\"><\/i>\n                        <\/a>\n                    <\/li>\n                                                    <li class=\"view-details\"><a href=\"https:\/\/www.thermosolutionsgroup.com\/eng\/product\/thermo-ducha\/\" aria-label=\"View Details about Thermo Ducha\" ><i class=\"fas fa-link\"><\/i><\/a><\/li>\n                            <\/ul>\n        <\/div>\n    <\/div>\n    <div class=\"product-details-wrap\">\n        <div class=\"eael-product-price\"><\/div>        <div class=\"eael-product-title\">\n            <a href=\"https:\/\/www.thermosolutionsgroup.com\/eng\/product\/thermo-ducha\/\" class=\"woocommerce-LoopProduct-link woocommerce-loop-product__link\"><h2>Thermo Ducha<\/h2><\/a>        <\/div>\n    <\/div>\n\n    <\/div>\n<\/li><\/ul>            <div class=\"eael-load-more-button-wrap eael-force-hide\">\n                <button class=\"hide-load-more eael-load-more-button\" id=\"eael-load-more-btn-0bf44c9\" data-widget-id=\"0bf44c9\" data-widget=\"0bf44c9\" data-page-id=\"1904\" data-template=\"{&quot;dir&quot;:&quot;lite&quot;,&quot;file_name&quot;:&quot;preset-1.php&quot;,&quot;name&quot;:&quot;Woo-Product-Gallery&quot;}\" data-class=\"Essential_Addons_Elementor\\Elements\\Woo_Product_Gallery\" data-layout=\"masonry\" data-page=\"1\" data-args=\"post_type=product&amp;post_status%5B0%5D=publish&amp;post_status%5B1%5D=pending&amp;post_status%5B2%5D=future&amp;posts_per_page=20&amp;order=desc&amp;tax_query%5Brelation%5D=AND&amp;tax_query%5B0%5D%5Btaxonomy%5D=product_visibility&amp;tax_query%5B0%5D%5Bfield%5D=name&amp;tax_query%5B0%5D%5Bterms%5D%5B0%5D=exclude-from-search&amp;tax_query%5B0%5D%5Bterms%5D%5B1%5D=exclude-from-catalog&amp;tax_query%5B0%5D%5Boperator%5D=NOT+IN&amp;orderby=title&amp;meta_query%5Brelation%5D=AND&amp;post__in%5B0%5D=2542&amp;post__in%5B1%5D=2535\" data-max-page=\"1\">\n                    <span class=\"eael-btn-loader button__loader\"><\/span>\n                    <span class=\"eael_load_more_text\"><\/span>\n                <\/button>\n            <\/div>\n                        <\/div>\n        <\/div>\n        <script type=\"text\/javascript\">\n\t\t\tjQuery(document).ready(function ($) {\n\t\t\t\tvar $scope = jQuery(\".elementor-element-0bf44c9\");\n\t\t\t\tvar $products = $('.products', $scope);\n\t\t\t\tvar $layout_mode = $products.data('layout-mode');\n\n\t\t\t\tif ($layout_mode === 'masonry') {\n\t\t\t\t\t\/\/ init isotope\n\t\t\t\t\tvar $isotope_products = $products.isotope({ itemSelector: \"li.product\", layoutMode: $layout_mode, percentPosition: true });\n\t\t\t\t\t$isotope_products.imagesLoaded().progress(function () {\n\t\t\t\t\t\t$isotope_products.isotope('layout');\n\t\t\t\t\t})\n\n\t\t\t\t\t$(window).on('resize', function () {\n\t\t\t\t\t\t$isotope_products.isotope('layout');\n\t\t\t\t\t});\n\t\t\t\t}\n\t\t\t});\n        <\/script>\n\t\t\t\t\t\t<\/div>\n\t\t\t\t<\/div>\n\t\t\t\t\t<\/div>\n\t\t\t\t<\/div>\n\t\t<div class=\"elementor-element elementor-element-3799fce e-flex e-con-boxed wpr-particle-no wpr-jarallax-no wpr-parallax-no wpr-sticky-section-no e-con e-parent\" data-id=\"3799fce\" data-element_type=\"container\" data-e-type=\"container\" data-settings=\"{&quot;background_background&quot;:&quot;classic&quot;}\">\n\t\t\t\t\t<div class=\"e-con-inner\">\n\t\t\t\t<div class=\"elementor-element elementor-element-740cc61 elementor-invisible elementor-widget elementor-widget-heading\" data-id=\"740cc61\" data-element_type=\"widget\" data-e-type=\"widget\" data-settings=\"{&quot;_animation&quot;:&quot;fadeInDown&quot;}\" data-widget_type=\"heading.default\">\n\t\t\t\t<div class=\"elementor-widget-container\">\n\t\t\t\t\t<h2 class=\"elementor-heading-title elementor-size-default\">VISIT US AT ANY OF OUR LOCATIONS:<\/h2>\t\t\t\t<\/div>\n\t\t\t\t<\/div>\n\t\t\t\t<div class=\"elementor-element elementor-element-ead65d5 elementor-invisible elementor-widget elementor-widget-heading\" data-id=\"ead65d5\" data-element_type=\"widget\" data-e-type=\"widget\" data-settings=\"{&quot;_animation&quot;:&quot;fadeInDown&quot;}\" data-widget_type=\"heading.default\">\n\t\t\t\t<div class=\"elementor-widget-container\">\n\t\t\t\t\t<h2 class=\"elementor-heading-title elementor-size-default\">O visite nuestra tienda en l\u00ednea para comprar sus productos sin salir de casa.<\/h2>\t\t\t\t<\/div>\n\t\t\t\t<\/div>\n\t\t<div class=\"elementor-element elementor-element-57d5079 e-grid e-con-full wpr-particle-no wpr-jarallax-no wpr-parallax-no wpr-sticky-section-no e-con e-child\" data-id=\"57d5079\" data-element_type=\"container\" data-e-type=\"container\">\n\t\t\t\t<div class=\"elementor-element elementor-element-8e87a46 e-transform wpr-button-icon-style-inline wpr-button-icon-position-right elementor-invisible elementor-widget elementor-widget-wpr-button\" data-id=\"8e87a46\" data-element_type=\"widget\" data-e-type=\"widget\" data-settings=\"{&quot;_animation&quot;:&quot;fadeInUp&quot;,&quot;_animation_delay&quot;:1000,&quot;_transform_translateX_effect_hover&quot;:{&quot;unit&quot;:&quot;px&quot;,&quot;size&quot;:10,&quot;sizes&quot;:[]},&quot;_transform_translateX_effect_hover_laptop&quot;:{&quot;unit&quot;:&quot;px&quot;,&quot;size&quot;:&quot;&quot;,&quot;sizes&quot;:[]},&quot;_transform_translateX_effect_hover_tablet&quot;:{&quot;unit&quot;:&quot;px&quot;,&quot;size&quot;:&quot;&quot;,&quot;sizes&quot;:[]},&quot;_transform_translateX_effect_hover_mobile&quot;:{&quot;unit&quot;:&quot;px&quot;,&quot;size&quot;:&quot;&quot;,&quot;sizes&quot;:[]},&quot;_transform_translateY_effect_hover&quot;:{&quot;unit&quot;:&quot;px&quot;,&quot;size&quot;:&quot;&quot;,&quot;sizes&quot;:[]},&quot;_transform_translateY_effect_hover_laptop&quot;:{&quot;unit&quot;:&quot;px&quot;,&quot;size&quot;:&quot;&quot;,&quot;sizes&quot;:[]},&quot;_transform_translateY_effect_hover_tablet&quot;:{&quot;unit&quot;:&quot;px&quot;,&quot;size&quot;:&quot;&quot;,&quot;sizes&quot;:[]},&quot;_transform_translateY_effect_hover_mobile&quot;:{&quot;unit&quot;:&quot;px&quot;,&quot;size&quot;:&quot;&quot;,&quot;sizes&quot;:[]}}\" data-widget_type=\"wpr-button.default\">\n\t\t\t\t<div class=\"elementor-widget-container\">\n\t\t\t\t\t\t\n\t\t\t\n\t\t\n\t\t<div class=\"wpr-button-wrap elementor-clearfix\">\n\t\t<a class=\"wpr-button wpr-button-effect wpr-button-isi-right\" data-text=\"\" href=\"https:\/\/www.thermosolutionsgroup.com\/eng\/contacto\/\">\n\t\t\t\n\t\t\t<span class=\"wpr-button-content\">\n\t\t\t\t\t\t\t\t\t<span class=\"wpr-button-text\">VER UBICACIONES<\/span>\n\t\t\t\t\t\t\t\t\n\t\t\t\t\t\t\t\t\t<span class=\"wpr-button-icon\"><svg class=\"e-font-icon-svg e-fas-angle-right\" viewbox=\"0 0 256 512\" xmlns=\"http:\/\/www.w3.org\/2000\/svg\"><path d=\"M224.3 273l-136 136c-9.4 9.4-24.6 9.4-33.9 0l-22.6-22.6c-9.4-9.4-9.4-24.6 0-33.9l96.4-96.4-96.4-96.4c-9.4-9.4-9.4-24.6 0-33.9L54.3 103c9.4-9.4 24.6-9.4 33.9 0l136 136c9.5 9.4 9.5 24.6.1 34z\"><\/path><\/svg><\/span>\n\t\t\t\t\t\t\t<\/span>\n\t\t<\/a>\n\n\t\t\t\t<\/div>\n\t\n\t\n\t\t\t\t\t<\/div>\n\t\t\t\t<\/div>\n\t\t\t\t<div class=\"elementor-element elementor-element-034957b e-transform wpr-button-icon-style-inline wpr-button-icon-position-right elementor-invisible elementor-widget elementor-widget-wpr-button\" data-id=\"034957b\" data-element_type=\"widget\" data-e-type=\"widget\" data-settings=\"{&quot;_animation&quot;:&quot;fadeInUp&quot;,&quot;_animation_delay&quot;:1000,&quot;_transform_translateX_effect_hover&quot;:{&quot;unit&quot;:&quot;px&quot;,&quot;size&quot;:10,&quot;sizes&quot;:[]},&quot;_transform_translateX_effect_hover_laptop&quot;:{&quot;unit&quot;:&quot;px&quot;,&quot;size&quot;:&quot;&quot;,&quot;sizes&quot;:[]},&quot;_transform_translateX_effect_hover_tablet&quot;:{&quot;unit&quot;:&quot;px&quot;,&quot;size&quot;:&quot;&quot;,&quot;sizes&quot;:[]},&quot;_transform_translateX_effect_hover_mobile&quot;:{&quot;unit&quot;:&quot;px&quot;,&quot;size&quot;:&quot;&quot;,&quot;sizes&quot;:[]},&quot;_transform_translateY_effect_hover&quot;:{&quot;unit&quot;:&quot;px&quot;,&quot;size&quot;:&quot;&quot;,&quot;sizes&quot;:[]},&quot;_transform_translateY_effect_hover_laptop&quot;:{&quot;unit&quot;:&quot;px&quot;,&quot;size&quot;:&quot;&quot;,&quot;sizes&quot;:[]},&quot;_transform_translateY_effect_hover_tablet&quot;:{&quot;unit&quot;:&quot;px&quot;,&quot;size&quot;:&quot;&quot;,&quot;sizes&quot;:[]},&quot;_transform_translateY_effect_hover_mobile&quot;:{&quot;unit&quot;:&quot;px&quot;,&quot;size&quot;:&quot;&quot;,&quot;sizes&quot;:[]}}\" data-widget_type=\"wpr-button.default\">\n\t\t\t\t<div class=\"elementor-widget-container\">\n\t\t\t\t\t\t\n\t\t\t\n\t\t\n\t\t<div class=\"wpr-button-wrap elementor-clearfix\">\n\t\t<a class=\"wpr-button wpr-button-effect wpr-button-isi-right\" data-text=\"\" href=\"https:\/\/thermoenlinea.com\/\">\n\t\t\t\n\t\t\t<span class=\"wpr-button-content\">\n\t\t\t\t\t\t\t\t\t<span class=\"wpr-button-text\">TIENDA EN L\u00cdNEA<\/span>\n\t\t\t\t\t\t\t\t\n\t\t\t\t\t\t\t\t\t<span class=\"wpr-button-icon\"><svg class=\"e-font-icon-svg e-fas-shopping-bag\" viewbox=\"0 0 448 512\" xmlns=\"http:\/\/www.w3.org\/2000\/svg\"><path d=\"M352 160v-32C352 57.42 294.579 0 224 0 153.42 0 96 57.42 96 128v32H0v272c0 44.183 35.817 80 80 80h288c44.183 0 80-35.817 80-80V160h-96zm-192-32c0-35.29 28.71-64 64-64s64 28.71 64 64v32H160v-32zm160 120c-13.255 0-24-10.745-24-24s10.745-24 24-24 24 10.745 24 24-10.745 24-24 24zm-192 0c-13.255 0-24-10.745-24-24s10.745-24 24-24 24 10.745 24 24-10.745 24-24 24z\"><\/path><\/svg><\/span>\n\t\t\t\t\t\t\t<\/span>\n\t\t<\/a>\n\n\t\t\t\t<\/div>\n\t\n\t\n\t\t\t\t\t<\/div>\n\t\t\t\t<\/div>\n\t\t\t\t<\/div>\n\t\t\t\t<div class=\"elementor-element elementor-element-86012a1 elementor-widget elementor-widget-image\" data-id=\"86012a1\" data-element_type=\"widget\" data-e-type=\"widget\" data-widget_type=\"image.default\">\n\t\t\t\t<div class=\"elementor-widget-container\">\n\t\t\t\t\t\t\t\t\t\t\t\t\t\t\t<img decoding=\"async\" width=\"600\" height=\"253\" src=\"https:\/\/www.thermosolutionsgroup.com\/wp-content\/uploads\/2023\/06\/thermo-logo-rinnai.png\" class=\"attachment-large size-large wp-image-1601\" alt=\"\" srcset=\"https:\/\/www.thermosolutionsgroup.com\/wp-content\/uploads\/2023\/06\/thermo-logo-rinnai.png 600w, https:\/\/www.thermosolutionsgroup.com\/wp-content\/uploads\/2023\/06\/thermo-logo-rinnai-300x127.png 300w\" sizes=\"(max-width: 600px) 100vw, 600px\" \/>\t\t\t\t\t\t\t\t\t\t\t\t\t\t\t<\/div>\n\t\t\t\t<\/div>\n\t\t\t\t\t<\/div>\n\t\t\t\t<\/div>\n\t\t\t\t<\/div>","protected":false},"excerpt":{"rendered":"<p>Ducha instant\u00e1nea THERMO > Productos > Ducha instant\u00e1nea Thermo Plus Thermo Ducha VISITENOS EN CUALQUIERA DE NUESTRAS SEDES: O visite nuestra tienda en l\u00ednea para comprar sus productos sin salir de casa. VER UBICACIONES TIENDA EN L\u00cdNEA<\/p>","protected":false},"author":1,"featured_media":0,"parent":1826,"menu_order":0,"comment_status":"closed","ping_status":"closed","template":"elementor_canvas","meta":{"footnotes":""},"class_list":["post-1904","page","type-page","status-publish","hentry"],"_links":{"self":[{"href":"https:\/\/www.thermosolutionsgroup.com\/eng\/wp-json\/wp\/v2\/pages\/1904","targetHints":{"allow":["GET"]}}],"collection":[{"href":"https:\/\/www.thermosolutionsgroup.com\/eng\/wp-json\/wp\/v2\/pages"}],"about":[{"href":"https:\/\/www.thermosolutionsgroup.com\/eng\/wp-json\/wp\/v2\/types\/page"}],"author":[{"embeddable":true,"href":"https:\/\/www.thermosolutionsgroup.com\/eng\/wp-json\/wp\/v2\/users\/1"}],"replies":[{"embeddable":true,"href":"https:\/\/www.thermosolutionsgroup.com\/eng\/wp-json\/wp\/v2\/comments?post=1904"}],"version-history":[{"count":13,"href":"https:\/\/www.thermosolutionsgroup.com\/eng\/wp-json\/wp\/v2\/pages\/1904\/revisions"}],"predecessor-version":[{"id":3007,"href":"https:\/\/www.thermosolutionsgroup.com\/eng\/wp-json\/wp\/v2\/pages\/1904\/revisions\/3007"}],"up":[{"embeddable":true,"href":"https:\/\/www.thermosolutionsgroup.com\/eng\/wp-json\/wp\/v2\/pages\/1826"}],"wp:attachment":[{"href":"https:\/\/www.thermosolutionsgroup.com\/eng\/wp-json\/wp\/v2\/media?parent=1904"}],"curies":[{"name":"wp","href":"https:\/\/api.w.org\/{rel}","templated":true}]}}